{"id":2,"date":"2020-01-31T07:53:25","date_gmt":"2020-01-31T06:53:25","guid":{"rendered":"http:\/\/truhlarstvi-hazuka.localhost:8888\/?page_id=2"},"modified":"2023-06-05T14:15:33","modified_gmt":"2023-06-05T12:15:33","slug":"zkusebni-stranka","status":"publish","type":"page","link":"https:\/\/www.truhlarstvi-hazuka.cz\/","title":{"rendered":"Zku\u0161ebn\u00ed str\u00e1nka"},"content":{"rendered":"\n\t\t\t\t<h1>Zak\u00e1zkov\u00e1 v\u00fdroba n\u00e1bytku<\/h1>\t\t\t\n\t\t\t\t<h1>Dlouholet\u00e1 praxe<\/h1>\t\t\t\n\t\t\t\t<h1>Kompletn\u00ed \u0159e\u0161en\u00ed interi\u00e9ru<\/h1>\t\t\t\n\t<p>Na\u0161e truhl\u00e1\u0159stv\u00ed se zab\u00fdv\u00e1 v\u00fdrobou zak\u00e1zkov\u00e9ho n\u00e1bytku, v \u010dem\u017e m\u00e1me mnohaletou praxi. Jsme schopni nab\u00eddnou kompletn\u00ed \u0159e\u0161en\u00ed jak\u00e9hokoli interi\u00e9ru, v\u010detn\u011b dod\u00e1vky a zabudov\u00e1n\u00ed elektrick\u00fdch spot\u0159ebi\u010d\u016f. N\u011bkter\u00e9 pr\u00e1ce jsme schopni realizovat i v exteri\u00e9ru.<\/p>\n\t<p>Zak\u00e1zky jsme schopni realizovat p\u0159esn\u011b dle po\u017eadavk\u016f a pot\u0159eb na\u0161ich z\u00e1kazn\u00edk\u016f. Db\u00e1me p\u0159edev\u0161\u00edm na \u00fa\u010delnost ve spojen\u00ed s estetick\u00fdm dojmem, pozornost v\u011bnujeme ka\u017ed\u00e9mu detailu. Mimo truhl\u00e1\u0159sk\u00fdch prac\u00ed jsme po dohod\u011b schopni zajistit i pr\u00e1ce elektrik\u00e1\u0159sk\u00e9 a instalat\u00e9rsk\u00e9.<\/p>\n\t<p>I Vy jist\u011b v\u00edte, \u017ee pokud m\u00e1 b\u00fdt V\u00e1\u0161 interi\u00e9r vkusn\u011b, \u00fa\u010deln\u011b a kvalitn\u011b za\u0159\u00edzen dle Va\u0161ich p\u0159edstav, \u0159e\u0161en\u00edm je zadat v\u00fdrobu p\u0159esn\u011b \u201ena m\u00edru&#8220;, v\u010detn\u011b kus\u016f, kter\u00e9 jsou zcela atypick\u00e9. V\u00fdhodou takov\u00e9 v\u00fdroby je nejen Va\u0161e svoboda ve volb\u011b rozm\u011br\u016f , ale tak\u00e9 v\u00fdb\u011br ze \u0161ir\u0161\u00ed nab\u00eddky dez\u00e9n\u016f a kombinace V\u00e1mi zvolen\u00fdch materi\u00e1l\u016f.<\/p>\n\t<p>Na\u0161im c\u00edlem je zhmotn\u011bn\u00ed Va\u0161ich p\u0159edstav k Va\u0161\u00ed pln\u00e9 spokojenosti. Za spokojen\u00e9ho z\u00e1kazn\u00edka pova\u017eujeme toho, kdo se k n\u00e1m vrac\u00ed, nebo n\u00e1s doporu\u010d\u00ed sv\u00fdm zn\u00e1m\u00fdm.<\/p>\n<h2>\n\t\tNab\u00edz\u00edme\n\t<\/h2>\n\tzam\u011b\u0159en\u00ed<br \/>\nn\u00e1vrh<br \/>\np\u0159edb\u011b\u017en\u00e1 kalkulace<br \/>\nv\u00fdroba<br \/>\nmont\u00e1\u017e\n<h2>\n\t\tUm\u00edme\n\t<\/h2>\n\t<strong>Vybaven\u00ed komer\u010dn\u00edch prostor: <\/strong>\u00a0prodejen, provozoven kancel\u00e1\u0159\u00ed, restaurac\u00ed (kancel\u00e1\u0159sk\u00e9 stoly, kontejnery, sk\u0159\u00edn\u011b, recep\u010dn\u00ed pulty, \u017eidle aj).<br \/>\n<strong>Vybaven\u00ed bytov\u00fdch prostor: <\/strong>kuchy\u0148sk\u00e9 linky, \u0161atn\u00ed a vestavn\u00e9 sk\u0159\u00edn\u011b, st\u011bny do ob\u00fdvac\u00edch pokoj\u016f, p\u0159eds\u00ed\u0148ov\u00e9 sestavy, postele, vybaven\u00ed d\u011btsk\u00e9ho pokoje aj.).<br \/>\n<strong>Dal\u0161\u00ed pr\u00e1ce v interi\u00e9ru i exteri\u00e9ru: <\/strong>\u00a0schody, podlahy, venkovn\u00ed terasy sibi\u0159sk\u00fd mod\u0159\u00edn, bankirai, maseranduba atd. .\n<h2>\n\t\tPracujeme s materi\u00e1ly\n\t<\/h2>\n\ts laminov\u00fdmi deskami ohran\u011bn\u00fdmi odolnou ABS hranou 0,5-2 mm<br \/>\n( KRONOSPAN, EGGER),<br \/>\ns pod\u00fdhovan\u00fdmi deskami<br \/>\ns masivem<br \/>\ns kov\u00e1n\u00edm HETTICH, BLUM\n<h2>\n\t\tReference\n\t<\/h2>\n<h2>\n\t\tKontakt\n\t<\/h2>\n\t<p><strong>Truhl\u00e1\u0159stv\u00ed Hazuka<\/strong><\/p>\nmobil: 604 11 24 98<br \/>\ne-mail:\u00a0<a href=\"mailto:peta.hazuka@seznam.cz\">peta.hazuka@seznam.cz<\/a>\n\t<strong>Provozovna<br \/>\n<\/strong>Purky\u0148ova 803-804<br \/>\n\u00davaly u Prahy\n","protected":false},"excerpt":{"rendered":"<p>Zak\u00e1zkov\u00e1 v\u00fdroba n\u00e1bytku Dlouholet\u00e1 praxe Kompletn\u00ed \u0159e\u0161en\u00ed interi\u00e9ru Na\u0161e truhl\u00e1\u0159stv\u00ed se zab\u00fdv\u00e1 v\u00fdrobou zak\u00e1zkov\u00e9ho n\u00e1bytku, v \u010dem\u017e m\u00e1me mnohaletou praxi. Jsme schopni nab\u00eddnou kompletn\u00ed \u0159e\u0161en\u00ed jak\u00e9hokoli interi\u00e9ru, v\u010detn\u011b dod\u00e1vky a zabudov\u00e1n\u00ed elektrick\u00fdch spot\u0159ebi\u010d\u016f. N\u011bkter\u00e9 pr\u00e1ce jsme schopni realizovat i v exteri\u00e9ru. Zak\u00e1zky jsme schopni realizovat p\u0159esn\u011b dle po\u017eadavk\u016f a pot\u0159eb na\u0161ich z\u00e1kazn\u00edk\u016f. Db\u00e1me p\u0159edev\u0161\u00edm na&hellip;<\/p>\n","protected":false},"author":1,"featured_media":0,"parent":0,"menu_order":0,"comment_status":"closed","ping_status":"open","template":"","meta":[],"_links":{"self":[{"href":"https:\/\/www.truhlarstvi-hazuka.cz\/index.php?rest_route=\/wp\/v2\/pages\/2"}],"collection":[{"href":"https:\/\/www.truhlarstvi-hazuka.cz\/index.php?rest_route=\/wp\/v2\/pages"}],"about":[{"href":"https:\/\/www.truhlarstvi-hazuka.cz\/index.php?rest_route=\/wp\/v2\/types\/page"}],"author":[{"embeddable":true,"href":"https:\/\/www.truhlarstvi-hazuka.cz\/index.php?rest_route=\/wp\/v2\/users\/1"}],"replies":[{"embeddable":true,"href":"https:\/\/www.truhlarstvi-hazuka.cz\/index.php?rest_route=%2Fwp%2Fv2%2Fcomments&post=2"}],"version-history":[{"count":51,"href":"https:\/\/www.truhlarstvi-hazuka.cz\/index.php?rest_route=\/wp\/v2\/pages\/2\/revisions"}],"predecessor-version":[{"id":353,"href":"https:\/\/www.truhlarstvi-hazuka.cz\/index.php?rest_route=\/wp\/v2\/pages\/2\/revisions\/353"}],"wp:attachment":[{"href":"https:\/\/www.truhlarstvi-hazuka.cz\/index.php?rest_route=%2Fwp%2Fv2%2Fmedia&parent=2"}],"curies":[{"name":"wp","href":"https:\/\/api.w.org\/{rel}","templated":true}]}}